{"id":46,"date":"2025-06-03T22:12:25","date_gmt":"2025-06-03T22:12:25","guid":{"rendered":"http:\/\/constructorasoman.cl\/wp\/about\/"},"modified":"2025-06-05T16:17:08","modified_gmt":"2025-06-05T16:17:08","slug":"about","status":"publish","type":"page","link":"http:\/\/constructorasoman.cl\/wp\/about\/","title":{"rendered":"Nosotros"},"content":{"rendered":"<h6>Nosotros<\/h6>\n\n<p>Somos una empresa de  Ingenier\u00eda y construcci\u00f3n dedicada a Servicios Generales, Construcci\u00f3n, Gesti\u00f3n y Topograf\u00eda. Su objetivo principal es la entrega de soluciones y servicios de excelencia, destac\u00e1ndose por su rapidez, calidad y seguridad. Contamos con un respaldo de profesionales y t\u00e9cnicos en la supervisi\u00f3n directa, siendo reconocidos por nuestros clientes por nuestra responsabilidad y eficiencia. Iniciando sus actividades en el a\u00f1o 2013, ampliando la competencia de la empresa, en la actualidad, como organismo de Certificaci\u00f3n de Productos.\nDedicada a satisfacer las necesidades de cada uno de nuestros proyectos en el \u00e1rea de ingenier\u00eda, construcci\u00f3n y servicios.\n&nbsp;<\/p><h6>Misi\u00f3n y Visi\u00f3n<\/h6>\n\n<p>Nuestra Empresa est\u00e1 comprometida en aplicar \u00edntegramente en su gesti\u00f3n una pol\u00edtica de calidad consistente, confiable y uniforme. Dirigida a lograr un mejoramiento continuo en el otorgamiento de servicios a nuestros Clientes, con el prop\u00f3sito de alcanzar altos niveles de calidad en cada uno de nuestro desaf\u00edo.\nEste sistema de gesti\u00f3n asegura que nuestros Clientes sean atendidos a su entera satisfacci\u00f3n y con los m\u00e1s altos est\u00e1ndares de calidad, siguiendo los procedimientos establecidos en nuestra empresa.\nPara asegurar el buen desempe\u00f1o de todas las actividades que se realizan dentro de nuestra empresa, la gerencia de S O M A N, define todas las pol\u00edticas a seguir y comunica eficazmente sobre su visi\u00f3n, logrando las metas y desaf\u00edos en toda nuestra trayectoria, cumpliendo con los est\u00e1ndares del sistema integral de calidad de la empresa, en beneficio a los servicios prestados a nuestros clientes.\nS O M A N, cuenta con un equipo de profesionales, capaces de enfrentar los desaf\u00edos y obst\u00e1culos que se presentan, tom\u00e1ndolos como grandes oportunidades de nuevos negocios.\n&nbsp;<\/p><h6>SERVICIOS DE INGENIERIA Y CONSTRUCCI\u00d3N\n<\/h6>\n\n<strong>Calificaciones.&nbsp;<\/strong>\nEspecificaci\u00f3n de Procedimiento de Soldadura (WPS).\nRegistro de Calificaci\u00f3n de Procedimiento de Soldadura (PQR).\nCalificaci\u00f3n de Soldadores y Operadores.<h6>Trabajo en equipo<\/h6>\n<h2>Como lo hacemos<\/h2>\n<h3>1<\/h3>\n<h3>2<\/h3>\n<h3>3<\/h3>","protected":false},"excerpt":{"rendered":"","protected":false},"author":1,"featured_media":0,"parent":0,"menu_order":0,"comment_status":"closed","ping_status":"closed","template":"","meta":{"pagelayer_contact_templates":[],"_pagelayer_content":"","footnotes":""},"class_list":["post-46","page","type-page","status-publish","hentry"],"_links":{"self":[{"href":"http:\/\/constructorasoman.cl\/wp\/wp-json\/wp\/v2\/pages\/46","targetHints":{"allow":["GET"]}}],"collection":[{"href":"http:\/\/constructorasoman.cl\/wp\/wp-json\/wp\/v2\/pages"}],"about":[{"href":"http:\/\/constructorasoman.cl\/wp\/wp-json\/wp\/v2\/types\/page"}],"author":[{"embeddable":true,"href":"http:\/\/constructorasoman.cl\/wp\/wp-json\/wp\/v2\/users\/1"}],"replies":[{"embeddable":true,"href":"http:\/\/constructorasoman.cl\/wp\/wp-json\/wp\/v2\/comments?post=46"}],"version-history":[{"count":10,"href":"http:\/\/constructorasoman.cl\/wp\/wp-json\/wp\/v2\/pages\/46\/revisions"}],"predecessor-version":[{"id":151,"href":"http:\/\/constructorasoman.cl\/wp\/wp-json\/wp\/v2\/pages\/46\/revisions\/151"}],"wp:attachment":[{"href":"http:\/\/constructorasoman.cl\/wp\/wp-json\/wp\/v2\/media?parent=46"}],"curies":[{"name":"wp","href":"https:\/\/api.w.org\/{rel}","templated":true}]}}